{"id":2483,"date":"2026-03-27T10:36:08","date_gmt":"2026-03-27T09:36:08","guid":{"rendered":"https:\/\/novaem.fr\/?page_id=2483"},"modified":"2026-03-30T17:57:22","modified_gmt":"2026-03-30T15:57:22","slug":"le-groupe","status":"publish","type":"page","link":"https:\/\/novaem.fr\/en\/le-groupe\/","title":{"rendered":"The group"},"content":{"rendered":"<p>[et_pb_section fb_built=\u00a0\u00bb1&Prime; _builder_version=\u00a0\u00bb4.8.1&Prime; _module_preset=\u00a0\u00bbdefault\u00a0\u00bb][et_pb_row _builder_version=\u00a0\u00bb4.8.1&Prime; _module_preset=\u00a0\u00bbdefault\u00a0\u00bb][et_pb_column type=\u00a0\u00bb4_4&Prime; _builder_version=\u00a0\u00bb4.8.1&Prime; _module_preset=\u00a0\u00bbdefault\u00a0\u00bb][et_pb_text _builder_version=\u00a0\u00bb4.8.1&Prime; _module_preset=\u00a0\u00bbdefault\u00a0\u00bb text_orientation=\u00a0\u00bbcenter\u00a0\u00bb custom_css_main_element=\u00a0\u00bb@media (max-width: 767px) {||  h1 {||    font-size:26px;||  }||}\u00a0\u00bb]<\/p>\n<h1 style=\"font-family: 'Chiron GoRound TC', sans-serif; color:#214232; line-height:normal;\"><strong>THE NOVAEM-MEDINBIO GROUP<\/strong><\/h1>\n<p>[\/et_pb_text][et_pb_text _builder_version=\u00a0\u00bb4.8.1&Prime; _module_preset=\u00a0\u00bbdefault\u00a0\u00bb]<\/p>\n<p class=\"marge-haute2\" style=\"font-family: 'IBM Plex Sans', sans-serif; color:#00162e !important; text-align:center;\">For over 20 years, Novaem and Medinbio have placed sustainable agriculture and organic soil fertility at the heart of their work. Today, the group stands as a committed partner to farmers, capable of supporting them in moving towards a form of agriculture that is more efficient, more self-sufficient and more respectful of the natural world.<\/p>\n<p>[\/et_pb_text][\/et_pb_column][\/et_pb_row][et_pb_row column_structure=\u00a0\u00bb1_2,1_2&Prime; _builder_version=\u00a0\u00bb4.8.1&Prime; _module_preset=\u00a0\u00bbdefault\u00a0\u00bb][et_pb_column type=\u00a0\u00bb1_2&Prime; _builder_version=\u00a0\u00bb4.8.1&Prime; _module_preset=\u00a0\u00bbdefault\u00a0\u00bb][et_pb_text _builder_version=\u00a0\u00bb4.8.1&Prime; _module_preset=\u00a0\u00bbdefault\u00a0\u00bb custom_margin=\u00a0\u00bb5%||||false|false\u00a0\u00bb]<h2 class=\"marge-haute\" style=\"font-family: 'IBM Plex Sans', sans-serif; color:#8ba98f !important;  font-size:18px; line-height: 150%;\">NOVAEM: A LEADING INDUSTRIAL AND LOGISTICS PLATFORM<\/h2>\n<p style=\"font-family: 'IBM Plex Sans', sans-serif; color:#00162e !important; text-align:justify;\">Classified as a high-threshold SEVESO site covering 15 hectares, the site has 35,000 m\u00b2 of storage capacity. The site facilitates the large-scale production, blending and distribution of fertiliser solutions.<\/p>\n<p style=\"font-family: 'IBM Plex Sans', sans-serif; color:#00162e !important; text-align:justify;\">This industrial capacity is bolstered by research partnerships (INRAE, CAPSUDEV, M2i, LIPME), enabling the continuous improvement of formulations and practices.<\/p>\n<p>[\/et_pb_text][\/et_pb_column][et_pb_column type=\u00a0\u00bb1_2&Prime; _builder_version=\u00a0\u00bb4.8.1&Prime; _module_preset=\u00a0\u00bbdefault\u00a0\u00bb][et_pb_image src=\u00a0\u00bbhttps:\/\/novaem.fr\/wp-content\/uploads\/2026\/03\/Novaem-site-industriel-Aigrefeuille-Aunis.jpg\u00a0\u00bb title_text=\u00a0\u00bbNovaem-site industriel Aigrefeuille Aunis\u00a0\u00bb align=\u00a0\u00bbcenter\u00a0\u00bb _builder_version=\u00a0\u00bb4.8.1&Prime; _module_preset=\u00a0\u00bbdefault\u00a0\u00bb][\/et_pb_image][\/et_pb_column][\/et_pb_row][et_pb_row column_structure=\u00a0\u00bb1_2,1_2&Prime; _builder_version=\u00a0\u00bb4.8.1&Prime; _module_preset=\u00a0\u00bbdefault\u00a0\u00bb custom_margin=\u00a0\u00bb0px||||false|false\u00a0\u00bb][et_pb_column type=\u00a0\u00bb1_2&Prime; _builder_version=\u00a0\u00bb4.8.1&Prime; _module_preset=\u00a0\u00bbdefault\u00a0\u00bb][et_pb_image src=\u00a0\u00bbhttps:\/\/novaem.fr\/wp-content\/uploads\/2026\/03\/BigBag-Novaem-fertilisant.jpg\u00a0\u00bb title_text=\u00a0\u00bbBigBag Novaem fertilisant\u00a0\u00bb align=\u00a0\u00bbcenter\u00a0\u00bb _builder_version=\u00a0\u00bb4.8.1&Prime; _module_preset=\u00a0\u00bbdefault\u00a0\u00bb][\/et_pb_image][\/et_pb_column][et_pb_column type=\u00a0\u00bb1_2&Prime; _builder_version=\u00a0\u00bb4.8.1&Prime; _module_preset=\u00a0\u00bbdefault\u00a0\u00bb][et_pb_image src=\u00a0\u00bbhttps:\/\/novaem.fr\/wp-content\/uploads\/2026\/03\/Site-de-production-Novaem.jpg\u00a0\u00bb title_text=\u00a0\u00bbSite de production Novaem\u00a0\u00bb align=\u00a0\u00bbcenter\u00a0\u00bb _builder_version=\u00a0\u00bb4.8.1&Prime; _module_preset=\u00a0\u00bbdefault\u00a0\u00bb][\/et_pb_image][\/et_pb_column][\/et_pb_row][et_pb_row _builder_version=\u00a0\u00bb4.8.1&Prime; _module_preset=\u00a0\u00bbdefault\u00a0\u00bb][et_pb_column type=\u00a0\u00bb4_4&Prime; _builder_version=\u00a0\u00bb4.8.1&Prime; _module_preset=\u00a0\u00bbdefault\u00a0\u00bb][et_pb_image src=\u00a0\u00bbhttps:\/\/novaem.fr\/wp-content\/uploads\/2026\/03\/Novaem-Medinbio.jpg\u00a0\u00bb title_text=\u00a0\u00bbNovaem-Medinbio\u00a0\u00bb align=\u00a0\u00bbcenter\u00a0\u00bb _builder_version=\u00a0\u00bb4.8.1&Prime; _module_preset=\u00a0\u00bbdefault\u00a0\u00bb custom_css_main_element=\u00a0\u00bbdisplay: block;||margin: auto;||width:35%;||@media (max-width: 767px) {||    width: 65%;||}\u00a0\u00bb][\/et_pb_image][\/et_pb_column][\/et_pb_row][et_pb_row column_structure=\u00a0\u00bb1_2,1_2&Prime; _builder_version=\u00a0\u00bb4.8.1&Prime; _module_preset=\u00a0\u00bbdefault\u00a0\u00bb][et_pb_column type=\u00a0\u00bb1_2&Prime; _builder_version=\u00a0\u00bb4.8.1&Prime; _module_preset=\u00a0\u00bbdefault\u00a0\u00bb][et_pb_image src=\u00a0\u00bbhttps:\/\/novaem.fr\/wp-content\/uploads\/2026\/03\/Medinbio-biosolutions-Wavre-Belgique.jpg\u00a0\u00bb title_text=\u00a0\u00bbMedinbio &#8211; biosolutions Wavre Belgique\u00a0\u00bb align=\u00a0\u00bbcenter\u00a0\u00bb _builder_version=\u00a0\u00bb4.8.1&Prime; _module_preset=\u00a0\u00bbdefault\u00a0\u00bb][\/et_pb_image][\/et_pb_column][et_pb_column type=\u00a0\u00bb1_2&Prime; _builder_version=\u00a0\u00bb4.8.1&Prime; _module_preset=\u00a0\u00bbdefault\u00a0\u00bb][et_pb_text _builder_version=\u00a0\u00bb4.8.1&Prime; _module_preset=\u00a0\u00bbdefault\u00a0\u00bb custom_margin=\u00a0\u00bb5%||||false|false\u00a0\u00bb hover_enabled=\u00a0\u00bb0&Prime; sticky_enabled=\u00a0\u00bb0&Prime;]<h2 class=\"marge-haute\" style=\"font-family: 'IBM Plex Sans', sans-serif; color:#0e3270 !important;  font-size:18px; line-height: 150%;\">MEDINBIO: EXCELLENCE IN BIOSOLUTIONS<\/h2>\n<p style=\"font-family: 'IBM Plex Sans', sans-serif; color:#00162e !important; text-align:justify;\">With an 800 m\u00b2 production facility dedicated to the formulation of innovative biosolutions, Medinbio draws on recognised technical expertise.<\/p>\n<p style=\"font-family: 'IBM Plex Sans', sans-serif; color:#00162e !important; text-align:justify;\">This expertise is underpinned by an extensive scientific and field network, supported by more than 200 experiments conducted in the laboratory and under real-world conditions, ensuring the performance and reliability of the solutions developed.<\/p>\n<p>[\/et_pb_text][\/et_pb_column][\/et_pb_row][et_pb_row column_structure=\u00a0\u00bb1_2,1_2&Prime; _builder_version=\u00a0\u00bb4.8.1&Prime; _module_preset=\u00a0\u00bbdefault\u00a0\u00bb][et_pb_column type=\u00a0\u00bb1_2&Prime; _builder_version=\u00a0\u00bb4.8.1&Prime; _module_preset=\u00a0\u00bbdefault\u00a0\u00bb][et_pb_image src=\u00a0\u00bbhttps:\/\/novaem.fr\/wp-content\/uploads\/2026\/03\/Fabrication-biosolutions-Medinbio.jpg\u00a0\u00bb title_text=\u00a0\u00bbFabrication biosolutions Medinbio\u00a0\u00bb align=\u00a0\u00bbcenter\u00a0\u00bb _builder_version=\u00a0\u00bb4.8.1&Prime; _module_preset=\u00a0\u00bbdefault\u00a0\u00bb][\/et_pb_image][\/et_pb_column][et_pb_column type=\u00a0\u00bb1_2&Prime; _builder_version=\u00a0\u00bb4.8.1&Prime; _module_preset=\u00a0\u00bbdefault\u00a0\u00bb][et_pb_image src=\u00a0\u00bbhttps:\/\/novaem.fr\/wp-content\/uploads\/2026\/03\/Laboratoire-Medinbio.jpg\u00a0\u00bb title_text=\u00a0\u00bbLaboratoire Medinbio\u00a0\u00bb align=\u00a0\u00bbcenter\u00a0\u00bb _builder_version=\u00a0\u00bb4.8.1&Prime; _module_preset=\u00a0\u00bbdefault\u00a0\u00bb][\/et_pb_image][\/et_pb_column][\/et_pb_row][et_pb_row _builder_version=\u00a0\u00bb4.8.1&Prime; _module_preset=\u00a0\u00bbdefault\u00a0\u00bb][et_pb_column type=\u00a0\u00bb4_4&Prime; _builder_version=\u00a0\u00bb4.8.1&Prime; _module_preset=\u00a0\u00bbdefault\u00a0\u00bb][et_pb_text _builder_version=\u00a0\u00bb4.8.1&Prime; _module_preset=\u00a0\u00bbdefault\u00a0\u00bb]<\/p>\n<p style=\"font-family: 'IBM Plex Sans', sans-serif; color: #8ba98f !important; text-align: center; font-size: 18px; line-height: 150%;\">\u00ab\u00a0 <em>By combining nutrition with soil and plant health, we are creating a unique synergy that benefits all living things. This is a people-centred project, built on the complementary nature of our expertise and a shared vision of the future of agriculture.<\/em>\u00a0\u00bb<\/p>\n<p style=\"font-family: 'IBM Plex Sans', sans-serif; color: #8ba98f !important; text-align: center; font-size: 18px; line-height: 150%; font-weight:200;\">\u2013 Bernard B\u00e9al, President<\/p>\n<p>[\/et_pb_text][\/et_pb_column][\/et_pb_row][\/et_pb_section]<\/p>","protected":false},"excerpt":{"rendered":"<p>[et_pb_section fb_built=\u00a0\u00bb1&Prime; _builder_version=\u00a0\u00bb4.8.1&Prime; _module_preset=\u00a0\u00bbdefault\u00a0\u00bb][et_pb_row _builder_version=\u00a0\u00bb4.8.1&Prime; _module_preset=\u00a0\u00bbdefault\u00a0\u00bb][et_pb_column type=\u00a0\u00bb4_4&Prime; _builder_version=\u00a0\u00bb4.8.1&Prime; _module_preset=\u00a0\u00bbdefault\u00a0\u00bb][et_pb_text _builder_version=\u00a0\u00bb4.8.1&Prime; _module_preset=\u00a0\u00bbdefault\u00a0\u00bb text_orientation=\u00a0\u00bbcenter\u00a0\u00bb custom_css_main_element=\u00a0\u00bb@media (max-width: 767px) {|| h1 {|| font-size:26px;|| }||}\u00a0\u00bb] LE GROUPE NOVAEM-MEDINBIO [\/et_pb_text][et_pb_text _builder_version=\u00a0\u00bb4.8.1&Prime; _module_preset=\u00a0\u00bbdefault\u00a0\u00bb] Depuis plus de 20 ans, Novaem et Medinbio placent l\u2019agriculture durable et la fertilit\u00e9 biologique des sols au coeur de leurs actions. Le groupe s\u2019affirme aujourd\u2019hui comme un partenaire [&hellip;]<\/p>","protected":false},"author":1,"featured_media":0,"parent":0,"menu_order":0,"comment_status":"closed","ping_status":"closed","template":"","meta":{"_et_pb_use_builder":"on","_et_pb_old_content":"","_et_gb_content_width":""},"yoast_head":"<!-- This site is optimized with the Yoast SEO plugin v15.3 - https:\/\/yoast.com\/wordpress\/plugins\/seo\/ -->\n<title>Le groupe Novaem-Medinbio<\/title>\n<meta name=\"description\" content=\"Novaem-Medinbio est un groupe engag\u00e9 leader de la sant\u00e9 du sol et de la plante \u00e0 l\u2019origine de solutions innovantes et durables.\" \/>\n<meta name=\"robots\" content=\"index, follow, max-snippet:-1, max-image-preview:large, max-video-preview:-1\" \/>\n<link rel=\"canonical\" href=\"https:\/\/novaem.fr\/en\/le-groupe\/\" \/>\n<meta property=\"og:locale\" content=\"en_US\" \/>\n<meta property=\"og:type\" content=\"article\" \/>\n<meta property=\"og:title\" content=\"Le groupe Novaem-Medinbio\" \/>\n<meta property=\"og:description\" content=\"Novaem-Medinbio est un groupe engag\u00e9 leader de la sant\u00e9 du sol et de la plante \u00e0 l\u2019origine de solutions innovantes et durables.\" \/>\n<meta property=\"og:url\" content=\"https:\/\/novaem.fr\/en\/le-groupe\/\" \/>\n<meta property=\"og:site_name\" content=\"Novaem-Medinbio\" \/>\n<meta property=\"article:modified_time\" content=\"2026-03-30T15:57:22+00:00\" \/>\n<meta name=\"twitter:card\" content=\"summary_large_image\" \/>\n<meta name=\"twitter:label1\" content=\"Written by\">\n\t<meta name=\"twitter:data1\" content=\"MarcBelleperche2612\">\n\t<meta name=\"twitter:label2\" content=\"Est. reading time\">\n\t<meta name=\"twitter:data2\" content=\"3 minutes\">\n<script type=\"application\/ld+json\" class=\"yoast-schema-graph\">{\"@context\":\"https:\/\/schema.org\",\"@graph\":[{\"@type\":\"Organization\",\"@id\":\"https:\/\/novaem.fr\/#organization\",\"name\":\"Novaem\",\"url\":\"https:\/\/novaem.fr\/\",\"sameAs\":[],\"logo\":{\"@type\":\"ImageObject\",\"@id\":\"https:\/\/novaem.fr\/#logo\",\"inLanguage\":\"en-US\",\"url\":\"https:\/\/novaem.fr\/wp-content\/uploads\/2019\/06\/NOVAEM_LOGO_transparent-1-e1561126829195.png\",\"width\":1920,\"height\":918,\"caption\":\"Novaem\"},\"image\":{\"@id\":\"https:\/\/novaem.fr\/#logo\"}},{\"@type\":\"WebSite\",\"@id\":\"https:\/\/novaem.fr\/#website\",\"url\":\"https:\/\/novaem.fr\/\",\"name\":\"Novaem-Medinbio\",\"description\":\"Naturally Efficient\",\"publisher\":{\"@id\":\"https:\/\/novaem.fr\/#organization\"},\"potentialAction\":[{\"@type\":\"SearchAction\",\"target\":\"https:\/\/novaem.fr\/?s={search_term_string}\",\"query-input\":\"required name=search_term_string\"}],\"inLanguage\":\"en-US\"},{\"@type\":\"WebPage\",\"@id\":\"https:\/\/novaem.fr\/le-groupe\/#webpage\",\"url\":\"https:\/\/novaem.fr\/le-groupe\/\",\"name\":\"Le groupe Novaem-Medinbio\",\"isPartOf\":{\"@id\":\"https:\/\/novaem.fr\/#website\"},\"datePublished\":\"2026-03-27T09:36:08+00:00\",\"dateModified\":\"2026-03-30T15:57:22+00:00\",\"description\":\"Novaem-Medinbio est un groupe engag\\u00e9 leader de la sant\\u00e9 du sol et de la plante \\u00e0 l\\u2019origine de solutions innovantes et durables.\",\"inLanguage\":\"en-US\",\"potentialAction\":[{\"@type\":\"ReadAction\",\"target\":[\"https:\/\/novaem.fr\/le-groupe\/\"]}]}]}<\/script>\n<!-- \/ Yoast SEO plugin. -->","_links":{"self":[{"href":"https:\/\/novaem.fr\/en\/wp-json\/wp\/v2\/pages\/2483"}],"collection":[{"href":"https:\/\/novaem.fr\/en\/wp-json\/wp\/v2\/pages"}],"about":[{"href":"https:\/\/novaem.fr\/en\/wp-json\/wp\/v2\/types\/page"}],"author":[{"embeddable":true,"href":"https:\/\/novaem.fr\/en\/wp-json\/wp\/v2\/users\/1"}],"replies":[{"embeddable":true,"href":"https:\/\/novaem.fr\/en\/wp-json\/wp\/v2\/comments?post=2483"}],"version-history":[{"count":11,"href":"https:\/\/novaem.fr\/en\/wp-json\/wp\/v2\/pages\/2483\/revisions"}],"predecessor-version":[{"id":2682,"href":"https:\/\/novaem.fr\/en\/wp-json\/wp\/v2\/pages\/2483\/revisions\/2682"}],"wp:attachment":[{"href":"https:\/\/novaem.fr\/en\/wp-json\/wp\/v2\/media?parent=2483"}],"curies":[{"name":"wp","href":"https:\/\/api.w.org\/{rel}","templated":true}]}}