{"id":2502,"date":"2026-03-27T11:11:26","date_gmt":"2026-03-27T10:11:26","guid":{"rendered":"https:\/\/novaem.fr\/?page_id=2502"},"modified":"2026-03-30T12:27:52","modified_gmt":"2026-03-30T10:27:52","slug":"mentions-legales","status":"publish","type":"page","link":"https:\/\/novaem.fr\/en\/mentions-legales\/","title":{"rendered":"Legal notice"},"content":{"rendered":"<p>[et_pb_section fb_built=\u00a0\u00bb1&Prime; _builder_version=\u00a0\u00bb4.8.1&Prime; _module_preset=\u00a0\u00bbdefault\u00a0\u00bb][et_pb_row _builder_version=\u00a0\u00bb4.8.1&Prime; _module_preset=\u00a0\u00bbdefault\u00a0\u00bb][et_pb_column type=\u00a0\u00bb4_4&Prime; _builder_version=\u00a0\u00bb4.8.1&Prime; _module_preset=\u00a0\u00bbdefault\u00a0\u00bb][et_pb_text _builder_version=\u00a0\u00bb4.8.1&Prime; _module_preset=\u00a0\u00bbdefault\u00a0\u00bb text_orientation=\u00a0\u00bbcenter\u00a0\u00bb hover_enabled=\u00a0\u00bb0&Prime; custom_css_main_element=\u00a0\u00bb@media (max-width: 767px) {||  h1 {||    font-size:26px;||  }||}\u00a0\u00bb sticky_enabled=\u00a0\u00bb0&Prime;]<\/p>\n<h1 style=\"font-family: 'Chiron GoRound TC', sans-serif; color:#214232; line-height:normal;\"><strong>LEGAL NOTICE<\/strong><\/h1>\n<p>[\/et_pb_text][et_pb_text _builder_version=\u00a0\u00bb4.8.1&Prime; _module_preset=\u00a0\u00bbdefault\u00a0\u00bb text_orientation=\u00a0\u00bbjustified\u00a0\u00bb]<\/p>\n<p class=\"marge-haute2\" style=\"font-family: 'IBM Plex Sans', sans-serif; color:#00162e !important;\">In accordance with the provisions of Law No. 2004-575 of 21 June 2004 on confidence in the digital economy, users of the Novaem.fr website are hereby informed of the identities of the various parties involved in the creation and management of the site.<\/p>\n<p>[\/et_pb_text][et_pb_text _builder_version=\u00a0\u00bb4.8.1&Prime; _module_preset=\u00a0\u00bbdefault\u00a0\u00bb text_orientation=\u00a0\u00bbjustified\u00a0\u00bb]<\/p>\n<p style=\"font-family: 'IBM Plex Sans', sans-serif; color:#8ba98f !important;  font-size:18px; line-height: 150%; font-weight:600;\">WEBSITE PUBLISHER<\/p>\n<p style=\"font-family: 'IBM Plex Sans', sans-serif; color:#00162e !important;\">Novaem BBtrade, soci\u00e9t\u00e9 par actions simplifi\u00e9e (SAS).<br \/>\nHead office located at Zone Industrielle des Grands Champs, 17290 Aigrefeuille-d\u2019Aunis, France<br \/>\nPublisher: Bernard B\u00c9AL, President of Novaem<br \/>\nContact: contact@novaem.fr<br \/>\nTelephone: +33 5 46 69 10 85<\/p>\n<p>[\/et_pb_text][et_pb_text _builder_version=\u00a0\u00bb4.8.1&Prime; _module_preset=\u00a0\u00bbdefault\u00a0\u00bb text_orientation=\u00a0\u00bbjustified\u00a0\u00bb]<\/p>\n<p style=\"font-family: 'IBM Plex Sans', sans-serif; color:#8ba98f !important;  font-size:18px; line-height: 150%; font-weight:600;\">ACCOMMODATION<\/p>\n<p style=\"font-family: 'IBM Plex Sans', sans-serif; color:#00162e !important;\">The Novaem.fr website is hosted by: OVHcloud<br \/>\nOVHcloud SAS<br \/>\n2 rue Kellermann<br \/>\n59100 Roubaix \u2013 France<br \/>\nTelephone: 1007<br \/>\nWebsite: www.ovhcloud.com<\/p>\n<p>[\/et_pb_text][et_pb_text _builder_version=\u00a0\u00bb4.8.1&Prime; _module_preset=\u00a0\u00bbdefault\u00a0\u00bb text_orientation=\u00a0\u00bbjustified\u00a0\u00bb]<\/p>\n<p style=\"font-family: 'IBM Plex Sans', sans-serif; color:#8ba98f !important;  font-size:18px; line-height: 150%; font-weight:600;\">INTELLECTUAL PROPERTY<\/p>\n<p style=\"font-family: 'IBM Plex Sans', sans-serif; color:#00162e !important;\">All content available on the Novaem.fr website (text, images, graphics, logo, icons, layout, etc.) is protected by the provisions of the Intellectual Property Code and is the exclusive property of Novaem, unless otherwise stated.<br \/>\nAny reproduction, display, modification, publication or adaptation, in whole or in part, of the content of this website, by any means or method whatsoever, is prohibited without the prior written consent of Novaem.<\/p>\n<p>[\/et_pb_text][et_pb_text _builder_version=\u00a0\u00bb4.8.1&Prime; _module_preset=\u00a0\u00bbdefault\u00a0\u00bb text_orientation=\u00a0\u00bbjustified\u00a0\u00bb]<\/p>\n<p style=\"font-family: 'IBM Plex Sans', sans-serif; color:#8ba98f !important;  font-size:18px; line-height: 150%; font-weight:600;\">LIABILITY<\/p>\n<p style=\"font-family: 'IBM Plex Sans', sans-serif; color:#00162e !important;\">Novaem makes every effort to ensure that the information published on the Novaem.fr website is accurate and up to date. However, Novaem cannot be held liable for any errors or omissions, nor for the use made of the information available on the website.<br \/>\nAccess to and use of the website are at the user\u2019s own risk.<\/p>\n<p>[\/et_pb_text][et_pb_text _builder_version=\u00a0\u00bb4.8.1&Prime; _module_preset=\u00a0\u00bbdefault\u00a0\u00bb text_orientation=\u00a0\u00bbjustified\u00a0\u00bb]<\/p>\n<p style=\"font-family: 'IBM Plex Sans', sans-serif; color:#8ba98f !important;  font-size:18px; line-height: 150%; font-weight:600;\">PERSONAL DATA<\/p>\n<p style=\"font-family: 'IBM Plex Sans', sans-serif; color:#00162e !important;\">The Novaem.fr website is a showcase site and does not collect any personal data from users.<br \/>\nNo personal information is recorded without users\u2019 knowledge, and no data is passed on to third parties.<\/p>\n<p>[\/et_pb_text][et_pb_text _builder_version=\u00a0\u00bb4.8.1&Prime; _module_preset=\u00a0\u00bbdefault\u00a0\u00bb text_orientation=\u00a0\u00bbjustified\u00a0\u00bb]<\/p>\n<p style=\"font-family: 'IBM Plex Sans', sans-serif; color:#8ba98f !important;  font-size:18px; line-height: 150%; font-weight:600;\">COOKIES<\/p>\n<p style=\"font-family: 'IBM Plex Sans', sans-serif; color:#00162e !important;\">The Novaem.fr website does not use tracking cookies or advertising cookies.<br \/>\nTechnical cookies that are strictly necessary for the website to function properly may be used.<\/p>\n<p>[\/et_pb_text][\/et_pb_column][\/et_pb_row][\/et_pb_section]<\/p>","protected":false},"excerpt":{"rendered":"<p>[et_pb_section fb_built=\u00a0\u00bb1&Prime; _builder_version=\u00a0\u00bb4.8.1&Prime; _module_preset=\u00a0\u00bbdefault\u00a0\u00bb][et_pb_row _builder_version=\u00a0\u00bb4.8.1&Prime; _module_preset=\u00a0\u00bbdefault\u00a0\u00bb][et_pb_column type=\u00a0\u00bb4_4&Prime; _builder_version=\u00a0\u00bb4.8.1&Prime; _module_preset=\u00a0\u00bbdefault\u00a0\u00bb][et_pb_text _builder_version=\u00a0\u00bb4.8.1&Prime; _module_preset=\u00a0\u00bbdefault\u00a0\u00bb text_orientation=\u00a0\u00bbcenter\u00a0\u00bb hover_enabled=\u00a0\u00bb0&Prime; custom_css_main_element=\u00a0\u00bb@media (max-width: 767px) {|| h1 {|| font-size:26px;|| }||}\u00a0\u00bb sticky_enabled=\u00a0\u00bb0&Prime;] MENTIONS L\u00c9GALES [\/et_pb_text][et_pb_text _builder_version=\u00a0\u00bb4.8.1&Prime; _module_preset=\u00a0\u00bbdefault\u00a0\u00bb text_orientation=\u00a0\u00bbjustified\u00a0\u00bb] Conform\u00e9ment aux dispositions de la loi n\u00b02004-575 du 21 juin 2004 pour la confiance dans l\u2019\u00e9conomie num\u00e9rique, il est pr\u00e9cis\u00e9 aux utilisateurs du site Novaem.fr l\u2019identit\u00e9 des [&hellip;]<\/p>","protected":false},"author":1,"featured_media":0,"parent":0,"menu_order":0,"comment_status":"closed","ping_status":"closed","template":"","meta":{"_et_pb_use_builder":"on","_et_pb_old_content":"","_et_gb_content_width":""},"yoast_head":"<!-- This site is optimized with the Yoast SEO plugin v15.3 - https:\/\/yoast.com\/wordpress\/plugins\/seo\/ -->\n<title>Mentions l\u00e9gales : Novaem-Medinbio<\/title>\n<meta name=\"robots\" content=\"index, follow, max-snippet:-1, max-image-preview:large, max-video-preview:-1\" \/>\n<link rel=\"canonical\" href=\"https:\/\/novaem.fr\/en\/mentions-legales\/\" \/>\n<meta property=\"og:locale\" content=\"en_US\" \/>\n<meta property=\"og:type\" content=\"article\" \/>\n<meta property=\"og:title\" content=\"Mentions l\u00e9gales : Novaem-Medinbio\" \/>\n<meta property=\"og:description\" content=\"[et_pb_section fb_built=\u00a0\u00bb1&Prime; _builder_version=\u00a0\u00bb4.8.1&Prime; _module_preset=\u00a0\u00bbdefault\u00a0\u00bb][et_pb_row _builder_version=\u00a0\u00bb4.8.1&Prime; _module_preset=\u00a0\u00bbdefault\u00a0\u00bb][et_pb_column type=\u00a0\u00bb4_4&Prime; _builder_version=\u00a0\u00bb4.8.1&Prime; _module_preset=\u00a0\u00bbdefault\u00a0\u00bb][et_pb_text _builder_version=\u00a0\u00bb4.8.1&Prime; _module_preset=\u00a0\u00bbdefault\u00a0\u00bb text_orientation=\u00a0\u00bbcenter\u00a0\u00bb hover_enabled=\u00a0\u00bb0&Prime; custom_css_main_element=\u00a0\u00bb@media (max-width: 767px) {|| h1 {|| font-size:26px;|| }||}\u00a0\u00bb sticky_enabled=\u00a0\u00bb0&Prime;] MENTIONS L\u00c9GALES [\/et_pb_text][et_pb_text _builder_version=\u00a0\u00bb4.8.1&Prime; _module_preset=\u00a0\u00bbdefault\u00a0\u00bb text_orientation=\u00a0\u00bbjustified\u00a0\u00bb] Conform\u00e9ment aux dispositions de la loi n\u00b02004-575 du 21 juin 2004 pour la confiance dans l\u2019\u00e9conomie num\u00e9rique, il est pr\u00e9cis\u00e9 aux utilisateurs du site Novaem.fr l\u2019identit\u00e9 des [&hellip;]\" \/>\n<meta property=\"og:url\" content=\"https:\/\/novaem.fr\/en\/mentions-legales\/\" \/>\n<meta property=\"og:site_name\" content=\"Novaem-Medinbio\" \/>\n<meta property=\"article:modified_time\" content=\"2026-03-30T10:27:52+00:00\" \/>\n<meta name=\"twitter:card\" content=\"summary_large_image\" \/>\n<meta name=\"twitter:label1\" content=\"Written by\">\n\t<meta name=\"twitter:data1\" content=\"MarcBelleperche2612\">\n\t<meta name=\"twitter:label2\" content=\"Est. reading time\">\n\t<meta name=\"twitter:data2\" content=\"2 minutes\">\n<script type=\"application\/ld+json\" class=\"yoast-schema-graph\">{\"@context\":\"https:\/\/schema.org\",\"@graph\":[{\"@type\":\"Organization\",\"@id\":\"https:\/\/novaem.fr\/#organization\",\"name\":\"Novaem\",\"url\":\"https:\/\/novaem.fr\/\",\"sameAs\":[],\"logo\":{\"@type\":\"ImageObject\",\"@id\":\"https:\/\/novaem.fr\/#logo\",\"inLanguage\":\"en-US\",\"url\":\"https:\/\/novaem.fr\/wp-content\/uploads\/2019\/06\/NOVAEM_LOGO_transparent-1-e1561126829195.png\",\"width\":1920,\"height\":918,\"caption\":\"Novaem\"},\"image\":{\"@id\":\"https:\/\/novaem.fr\/#logo\"}},{\"@type\":\"WebSite\",\"@id\":\"https:\/\/novaem.fr\/#website\",\"url\":\"https:\/\/novaem.fr\/\",\"name\":\"Novaem-Medinbio\",\"description\":\"Naturally Efficient\",\"publisher\":{\"@id\":\"https:\/\/novaem.fr\/#organization\"},\"potentialAction\":[{\"@type\":\"SearchAction\",\"target\":\"https:\/\/novaem.fr\/?s={search_term_string}\",\"query-input\":\"required name=search_term_string\"}],\"inLanguage\":\"en-US\"},{\"@type\":\"WebPage\",\"@id\":\"https:\/\/novaem.fr\/mentions-legales\/#webpage\",\"url\":\"https:\/\/novaem.fr\/mentions-legales\/\",\"name\":\"Mentions l\\u00e9gales : Novaem-Medinbio\",\"isPartOf\":{\"@id\":\"https:\/\/novaem.fr\/#website\"},\"datePublished\":\"2026-03-27T10:11:26+00:00\",\"dateModified\":\"2026-03-30T10:27:52+00:00\",\"inLanguage\":\"en-US\",\"potentialAction\":[{\"@type\":\"ReadAction\",\"target\":[\"https:\/\/novaem.fr\/mentions-legales\/\"]}]}]}<\/script>\n<!-- \/ Yoast SEO plugin. -->","_links":{"self":[{"href":"https:\/\/novaem.fr\/en\/wp-json\/wp\/v2\/pages\/2502"}],"collection":[{"href":"https:\/\/novaem.fr\/en\/wp-json\/wp\/v2\/pages"}],"about":[{"href":"https:\/\/novaem.fr\/en\/wp-json\/wp\/v2\/types\/page"}],"author":[{"embeddable":true,"href":"https:\/\/novaem.fr\/en\/wp-json\/wp\/v2\/users\/1"}],"replies":[{"embeddable":true,"href":"https:\/\/novaem.fr\/en\/wp-json\/wp\/v2\/comments?post=2502"}],"version-history":[{"count":5,"href":"https:\/\/novaem.fr\/en\/wp-json\/wp\/v2\/pages\/2502\/revisions"}],"predecessor-version":[{"id":2634,"href":"https:\/\/novaem.fr\/en\/wp-json\/wp\/v2\/pages\/2502\/revisions\/2634"}],"wp:attachment":[{"href":"https:\/\/novaem.fr\/en\/wp-json\/wp\/v2\/media?parent=2502"}],"curies":[{"name":"wp","href":"https:\/\/api.w.org\/{rel}","templated":true}]}}